{"id":1191,"date":"2023-11-09T12:08:12","date_gmt":"2023-11-09T15:08:12","guid":{"rendered":"https:\/\/www.gad.ind.br\/2023\/?page_id=1191"},"modified":"2025-07-10T20:16:50","modified_gmt":"2025-07-10T23:16:50","slug":"tubulao-de-topo","status":"publish","type":"page","link":"https:\/\/www.gad.ind.br\/s\/tubulao-de-topo\/","title":{"rendered":"Tubul\u00e3o de Topo"},"content":{"rendered":"\t\t<div data-elementor-type=\"wp-page\" data-elementor-id=\"1191\" class=\"elementor elementor-1191\" data-elementor-post-type=\"page\">\n\t\t\t\t\t\t<section class=\"elementor-section elementor-top-section elementor-element elementor-element-d7d801d elementor-section-boxed elementor-section-height-default elementor-section-height-default\" data-id=\"d7d801d\" data-element_type=\"section\" data-settings=\"{&quot;background_background&quot;:&quot;classic&quot;}\">\n\t\t\t\t\t\t<div class=\"elementor-container elementor-column-gap-no\">\n\t\t\t\t\t<div class=\"elementor-column elementor-col-100 elementor-top-column elementor-element elementor-element-1897415\" data-id=\"1897415\" data-element_type=\"column\">\n\t\t\t<div class=\"elementor-widget-wrap elementor-element-populated\">\n\t\t\t\t\t\t<div class=\"elementor-element elementor-element-a26ae91 elementor-widget elementor-widget-text-editor\" data-id=\"a26ae91\" data-element_type=\"widget\" data-widget_type=\"text-editor.default\">\n\t\t\t\t<div class=\"elementor-widget-container\">\n\t\t\t\t\t\t\t\t\t<p>\u00a0PRODUTOS &gt; TUBUL\u00c3O DE TOPO<\/p>\t\t\t\t\t\t\t\t<\/div>\n\t\t\t\t<\/div>\n\t\t\t\t\t<\/div>\n\t\t<\/div>\n\t\t\t\t\t<\/div>\n\t\t<\/section>\n\t\t\t\t<section class=\"elementor-section elementor-top-section elementor-element elementor-element-756bf45 elementor-section-boxed elementor-section-height-default elementor-section-height-default\" data-id=\"756bf45\" data-element_type=\"section\" data-settings=\"{&quot;background_background&quot;:&quot;classic&quot;}\">\n\t\t\t\t\t\t<div class=\"elementor-container elementor-column-gap-no\">\n\t\t\t\t\t<div class=\"elementor-column elementor-col-100 elementor-top-column elementor-element elementor-element-4b0da95\" data-id=\"4b0da95\" data-element_type=\"column\">\n\t\t\t<div class=\"elementor-widget-wrap elementor-element-populated\">\n\t\t\t\t\t\t<section class=\"elementor-section elementor-inner-section elementor-element elementor-element-97f4590 elementor-section-boxed elementor-section-height-default elementor-section-height-default\" data-id=\"97f4590\" data-element_type=\"section\">\n\t\t\t\t\t\t<div class=\"elementor-container elementor-column-gap-no\">\n\t\t\t\t\t<div class=\"elementor-column elementor-col-50 elementor-inner-column elementor-element elementor-element-6e053df\" data-id=\"6e053df\" data-element_type=\"column\">\n\t\t\t<div class=\"elementor-widget-wrap elementor-element-populated\">\n\t\t\t\t\t\t<div class=\"elementor-element elementor-element-db30dfe elementor-hidden-mobile elementor-widget elementor-widget-image\" data-id=\"db30dfe\" data-element_type=\"widget\" data-widget_type=\"image.default\">\n\t\t\t\t<div class=\"elementor-widget-container\">\n\t\t\t\t\t\t\t\t\t\t\t\t\t\t\t<img fetchpriority=\"high\" decoding=\"async\" width=\"768\" height=\"1024\" src=\"https:\/\/www.gad.ind.br\/s\/wp-content\/uploads\/2025\/07\/IMG_5707-768x1024.jpg\" class=\"attachment-large size-large wp-image-1279\" alt=\"\" srcset=\"https:\/\/www.gad.ind.br\/s\/wp-content\/uploads\/2025\/07\/IMG_5707-768x1024.jpg 768w, https:\/\/www.gad.ind.br\/s\/wp-content\/uploads\/2025\/07\/IMG_5707-225x300.jpg 225w, https:\/\/www.gad.ind.br\/s\/wp-content\/uploads\/2025\/07\/IMG_5707-1152x1536.jpg 1152w, https:\/\/www.gad.ind.br\/s\/wp-content\/uploads\/2025\/07\/IMG_5707-rotated.jpg 1536w\" sizes=\"(max-width: 768px) 100vw, 768px\" \/>\t\t\t\t\t\t\t\t\t\t\t\t\t\t\t<\/div>\n\t\t\t\t<\/div>\n\t\t\t\t\t<\/div>\n\t\t<\/div>\n\t\t\t\t<div class=\"elementor-column elementor-col-50 elementor-inner-column elementor-element elementor-element-2869dd0\" data-id=\"2869dd0\" data-element_type=\"column\">\n\t\t\t<div class=\"elementor-widget-wrap elementor-element-populated\">\n\t\t\t\t\t\t<div class=\"elementor-element elementor-element-3743b62 elementor-widget elementor-widget-heading\" data-id=\"3743b62\" data-element_type=\"widget\" data-widget_type=\"heading.default\">\n\t\t\t\t<div class=\"elementor-widget-container\">\n\t\t\t\t\t<h1 class=\"elementor-heading-title elementor-size-default\">Tubul\u00e3o de Topo<\/h1>\t\t\t\t<\/div>\n\t\t\t\t<\/div>\n\t\t\t\t<div class=\"elementor-element elementor-element-5ad47d0 elementor-widget elementor-widget-text-editor\" data-id=\"5ad47d0\" data-element_type=\"widget\" data-widget_type=\"text-editor.default\">\n\t\t\t\t<div class=\"elementor-widget-container\">\n\t\t\t\t\t\t\t\t\t<p>O tubul\u00e3o de topo \u00e9 um elemento estrutural adicional instalado na extremidade superior da torre, utilizado para elevar o ponto de fixa\u00e7\u00e3o das antenas e ampliar a \u00e1rea livre de obstru\u00e7\u00f5es ao redor dos sistemas irradiantes.<\/p><p>Tanto em torres estaiadas quanto em torres autoportantes, a instala\u00e7\u00e3o do tubul\u00e3o de topo \u00e9 vi\u00e1vel mediante an\u00e1lise t\u00e9cnica detalhada de capacidade estrutural, cargas adicionais e interfer\u00eancias existentes. Cada projeto considera altura, peso dos equipamentos, esfor\u00e7o do vento e caracter\u00edsticas da torre original para definir a melhor configura\u00e7\u00e3o e garantir seguran\u00e7a, estabilidade e desempenho operacional.<\/p>\t\t\t\t\t\t\t\t<\/div>\n\t\t\t\t<\/div>\n\t\t\t\t<div class=\"elementor-element elementor-element-4e9affc elementor-mobile-align-center elementor-invisible elementor-widget elementor-widget-button\" data-id=\"4e9affc\" data-element_type=\"widget\" data-settings=\"{&quot;_animation&quot;:&quot;fadeInUp&quot;}\" data-widget_type=\"button.default\">\n\t\t\t\t<div class=\"elementor-widget-container\">\n\t\t\t\t\t\t\t\t\t<div class=\"elementor-button-wrapper\">\n\t\t\t\t\t<a class=\"elementor-button elementor-button-link elementor-size-sm\" href=\"https:\/\/api.whatsapp.com\/send\/?phone=5511985140146\" target=\"_blank\">\n\t\t\t\t\t\t<span class=\"elementor-button-content-wrapper\">\n\t\t\t\t\t\t\t\t\t<span class=\"elementor-button-text\">Solicite um Or\u00e7amento<\/span>\n\t\t\t\t\t<\/span>\n\t\t\t\t\t<\/a>\n\t\t\t\t<\/div>\n\t\t\t\t\t\t\t\t<\/div>\n\t\t\t\t<\/div>\n\t\t\t\t\t<\/div>\n\t\t<\/div>\n\t\t\t\t\t<\/div>\n\t\t<\/section>\n\t\t\t\t\t<\/div>\n\t\t<\/div>\n\t\t\t\t\t<\/div>\n\t\t<\/section>\n\t\t\t\t<\/div>\n\t\t","protected":false},"excerpt":{"rendered":"<p>\u00a0PRODUTOS &gt; TUBUL\u00c3O DE TOPO Tubul\u00e3o de Topo O tubul\u00e3o de topo \u00e9 um elemento estrutural adicional instalado na extremidade superior da torre, utilizado para elevar o ponto de fixa\u00e7\u00e3o das antenas e ampliar a \u00e1rea livre de obstru\u00e7\u00f5es ao redor dos sistemas irradiantes. Tanto em torres estaiadas quanto em torres autoportantes, a instala\u00e7\u00e3o do [&hellip;]<\/p>\n","protected":false},"author":1,"featured_media":0,"parent":0,"menu_order":0,"comment_status":"closed","ping_status":"closed","template":"","meta":{"site-sidebar-layout":"no-sidebar","site-content-layout":"page-builder","ast-site-content-layout":"full-width-container","site-content-style":"unboxed","site-sidebar-style":"unboxed","ast-global-header-display":"","ast-banner-title-visibility":"","ast-main-header-display":"","ast-hfb-above-header-display":"","ast-hfb-below-header-display":"","ast-hfb-mobile-header-display":"","site-post-title":"disabled","ast-breadcrumbs-content":"disabled","ast-featured-img":"disabled","footer-sml-layout":"","theme-transparent-header-meta":"enabled","adv-header-id-meta":"","stick-header-meta":"","header-above-stick-meta":"","header-main-stick-meta":"","header-below-stick-meta":"","astra-migrate-meta-layouts":"set","ast-page-background-enabled":"default","ast-page-background-meta":{"desktop":{"background-color":"var(--ast-global-color-4)","background-image":"","background-repeat":"repeat","background-position":"center center","background-size":"auto","background-attachment":"scroll","background-type":"","background-media":"","overlay-type":"","overlay-color":"","overlay-opacity":"","overlay-gradient":""},"tablet":{"background-color":"","background-image":"","background-repeat":"repeat","background-position":"center center","background-size":"auto","background-attachment":"scroll","background-type":"","background-media":"","overlay-type":"","overlay-color":"","overlay-opacity":"","overlay-gradient":""},"mobile":{"background-color":"","background-image":"","background-repeat":"repeat","background-position":"center center","background-size":"auto","background-attachment":"scroll","background-type":"","background-media":"","overlay-type":"","overlay-color":"","overlay-opacity":"","overlay-gradient":""}},"ast-content-background-meta":{"desktop":{"background-color":"var(--ast-global-color-5)","background-image":"","background-repeat":"repeat","background-position":"center center","background-size":"auto","background-attachment":"scroll","background-type":"","background-media":"","overlay-type":"","overlay-color":"","overlay-opacity":"","overlay-gradient":""},"tablet":{"background-color":"var(--ast-global-color-5)","background-image":"","background-repeat":"repeat","background-position":"center center","background-size":"auto","background-attachment":"scroll","background-type":"","background-media":"","overlay-type":"","overlay-color":"","overlay-opacity":"","overlay-gradient":""},"mobile":{"background-color":"var(--ast-global-color-5)","background-image":"","background-repeat":"repeat","background-position":"center center","background-size":"auto","background-attachment":"scroll","background-type":"","background-media":"","overlay-type":"","overlay-color":"","overlay-opacity":"","overlay-gradient":""}},"footnotes":""},"class_list":["post-1191","page","type-page","status-publish","hentry"],"_links":{"self":[{"href":"https:\/\/www.gad.ind.br\/s\/wp-json\/wp\/v2\/pages\/1191","targetHints":{"allow":["GET"]}}],"collection":[{"href":"https:\/\/www.gad.ind.br\/s\/wp-json\/wp\/v2\/pages"}],"about":[{"href":"https:\/\/www.gad.ind.br\/s\/wp-json\/wp\/v2\/types\/page"}],"author":[{"embeddable":true,"href":"https:\/\/www.gad.ind.br\/s\/wp-json\/wp\/v2\/users\/1"}],"replies":[{"embeddable":true,"href":"https:\/\/www.gad.ind.br\/s\/wp-json\/wp\/v2\/comments?post=1191"}],"version-history":[{"count":7,"href":"https:\/\/www.gad.ind.br\/s\/wp-json\/wp\/v2\/pages\/1191\/revisions"}],"predecessor-version":[{"id":1292,"href":"https:\/\/www.gad.ind.br\/s\/wp-json\/wp\/v2\/pages\/1191\/revisions\/1292"}],"wp:attachment":[{"href":"https:\/\/www.gad.ind.br\/s\/wp-json\/wp\/v2\/media?parent=1191"}],"curies":[{"name":"wp","href":"https:\/\/api.w.org\/{rel}","templated":true}]}}