{"id":1181,"date":"2023-11-09T11:53:09","date_gmt":"2023-11-09T14:53:09","guid":{"rendered":"https:\/\/www.gad.ind.br\/2023\/?page_id=1181"},"modified":"2023-11-09T11:55:36","modified_gmt":"2023-11-09T14:55:36","slug":"icamento-de-equipamentos-e-cabos-2","status":"publish","type":"page","link":"https:\/\/www.gad.ind.br\/s\/icamento-de-equipamentos-e-cabos-2\/","title":{"rendered":"Instala\u00e7\u00e3o de Antenas para emissores de alta pot\u00eancia"},"content":{"rendered":"\t\t<div data-elementor-type=\"wp-page\" data-elementor-id=\"1181\" class=\"elementor elementor-1181\" data-elementor-post-type=\"page\">\n\t\t\t\t\t\t<section class=\"elementor-section elementor-top-section elementor-element elementor-element-d7d801d elementor-section-boxed elementor-section-height-default elementor-section-height-default\" data-id=\"d7d801d\" data-element_type=\"section\" data-settings=\"{&quot;background_background&quot;:&quot;classic&quot;}\">\n\t\t\t\t\t\t<div class=\"elementor-container elementor-column-gap-no\">\n\t\t\t\t\t<div class=\"elementor-column elementor-col-100 elementor-top-column elementor-element elementor-element-1897415\" data-id=\"1897415\" data-element_type=\"column\">\n\t\t\t<div class=\"elementor-widget-wrap elementor-element-populated\">\n\t\t\t\t\t\t<div class=\"elementor-element elementor-element-a26ae91 elementor-widget elementor-widget-text-editor\" data-id=\"a26ae91\" data-element_type=\"widget\" data-widget_type=\"text-editor.default\">\n\t\t\t\t<div class=\"elementor-widget-container\">\n\t\t\t\t\t\t\t\t\t<p>SERVI\u00c7OS &gt; <strong>INSTALA\u00c7\u00c3O DE ANTENAS PARA EMISSORES DE ALTA POT\u00caNCIA<\/strong><\/p>\t\t\t\t\t\t\t\t<\/div>\n\t\t\t\t<\/div>\n\t\t\t\t\t<\/div>\n\t\t<\/div>\n\t\t\t\t\t<\/div>\n\t\t<\/section>\n\t\t\t\t<section class=\"elementor-section elementor-top-section elementor-element elementor-element-756bf45 elementor-section-boxed elementor-section-height-default elementor-section-height-default\" data-id=\"756bf45\" data-element_type=\"section\" data-settings=\"{&quot;background_background&quot;:&quot;classic&quot;}\">\n\t\t\t\t\t\t<div class=\"elementor-container elementor-column-gap-no\">\n\t\t\t\t\t<div class=\"elementor-column elementor-col-100 elementor-top-column elementor-element elementor-element-4b0da95\" data-id=\"4b0da95\" data-element_type=\"column\">\n\t\t\t<div class=\"elementor-widget-wrap elementor-element-populated\">\n\t\t\t\t\t\t<section class=\"elementor-section elementor-inner-section elementor-element elementor-element-97f4590 elementor-section-boxed elementor-section-height-default elementor-section-height-default\" data-id=\"97f4590\" data-element_type=\"section\">\n\t\t\t\t\t\t<div class=\"elementor-container elementor-column-gap-no\">\n\t\t\t\t\t<div class=\"elementor-column elementor-col-50 elementor-inner-column elementor-element elementor-element-6e053df\" data-id=\"6e053df\" data-element_type=\"column\">\n\t\t\t<div class=\"elementor-widget-wrap elementor-element-populated\">\n\t\t\t\t\t\t<div class=\"elementor-element elementor-element-db30dfe elementor-hidden-mobile elementor-widget elementor-widget-image\" data-id=\"db30dfe\" data-element_type=\"widget\" data-widget_type=\"image.default\">\n\t\t\t\t<div class=\"elementor-widget-container\">\n\t\t\t\t\t\t\t\t\t\t\t\t\t\t\t<img fetchpriority=\"high\" decoding=\"async\" width=\"490\" height=\"540\" src=\"https:\/\/www.gad.ind.br\/s\/wp-content\/uploads\/2023\/11\/foto_32.png\" class=\"attachment-large size-large wp-image-1182\" alt=\"\" srcset=\"https:\/\/www.gad.ind.br\/s\/wp-content\/uploads\/2023\/11\/foto_32.png 490w, https:\/\/www.gad.ind.br\/s\/wp-content\/uploads\/2023\/11\/foto_32-272x300.png 272w\" sizes=\"(max-width: 490px) 100vw, 490px\" \/>\t\t\t\t\t\t\t\t\t\t\t\t\t\t\t<\/div>\n\t\t\t\t<\/div>\n\t\t\t\t\t<\/div>\n\t\t<\/div>\n\t\t\t\t<div class=\"elementor-column elementor-col-50 elementor-inner-column elementor-element elementor-element-2869dd0\" data-id=\"2869dd0\" data-element_type=\"column\">\n\t\t\t<div class=\"elementor-widget-wrap elementor-element-populated\">\n\t\t\t\t\t\t<div class=\"elementor-element elementor-element-3743b62 elementor-widget elementor-widget-heading\" data-id=\"3743b62\" data-element_type=\"widget\" data-widget_type=\"heading.default\">\n\t\t\t\t<div class=\"elementor-widget-container\">\n\t\t\t\t\t<h1 class=\"elementor-heading-title elementor-size-default\">Instala\u00e7\u00e3o de Antenas para emissores de Alta pot\u00eancia<\/h1>\t\t\t\t<\/div>\n\t\t\t\t<\/div>\n\t\t\t\t<div class=\"elementor-element elementor-element-5ad47d0 elementor-widget elementor-widget-text-editor\" data-id=\"5ad47d0\" data-element_type=\"widget\" data-widget_type=\"text-editor.default\">\n\t\t\t\t<div class=\"elementor-widget-container\">\n\t\t\t\t\t\t\t\t\t<p>As antenas de pot\u00eancia s\u00e3o dispositivos eletr\u00f4nicos projetados para gerar e transmitir sinais de r\u00e1dio, televis\u00e3o ou outros tipos de comunica\u00e7\u00e3o a longas dist\u00e2ncias. Essas antenas s\u00e3o capazes de fornecer pot\u00eancias significativas, o que permite a cobertura de \u00e1reas distantes ou densamente povoadas.<\/p><p>A pot\u00eancia de um transmissor \u00e9 um fator crucial para alcan\u00e7ar uma boa \u00e1rea de cobertura e boa qualidade de sinal. Os emissores de alta pot\u00eancia geralmente est\u00e3o em grandes metr\u00f3poles ou precisam chegar a grandes distancias, como eram o caso das emissoras de Ondas Medias de alcance nacional e que hoje est\u00e3o migrando para Frequ\u00eancia Modulada.\u00a0<\/p><p>\u00a0<\/p>\t\t\t\t\t\t\t\t<\/div>\n\t\t\t\t<\/div>\n\t\t\t\t<div class=\"elementor-element elementor-element-4e9affc elementor-mobile-align-center elementor-invisible elementor-widget elementor-widget-button\" data-id=\"4e9affc\" data-element_type=\"widget\" data-settings=\"{&quot;_animation&quot;:&quot;fadeInUp&quot;}\" data-widget_type=\"button.default\">\n\t\t\t\t<div class=\"elementor-widget-container\">\n\t\t\t\t\t\t\t\t\t<div class=\"elementor-button-wrapper\">\n\t\t\t\t\t<a class=\"elementor-button elementor-button-link elementor-size-sm\" href=\"https:\/\/api.whatsapp.com\/send\/?phone=5511985140146\" target=\"_blank\">\n\t\t\t\t\t\t<span class=\"elementor-button-content-wrapper\">\n\t\t\t\t\t\t\t\t\t<span class=\"elementor-button-text\">Solicite um Or\u00e7amento<\/span>\n\t\t\t\t\t<\/span>\n\t\t\t\t\t<\/a>\n\t\t\t\t<\/div>\n\t\t\t\t\t\t\t\t<\/div>\n\t\t\t\t<\/div>\n\t\t\t\t<div class=\"elementor-element elementor-element-1219c57 elementor-hidden-desktop elementor-hidden-tablet elementor-widget elementor-widget-image\" data-id=\"1219c57\" data-element_type=\"widget\" data-widget_type=\"image.default\">\n\t\t\t\t<div class=\"elementor-widget-container\">\n\t\t\t\t\t\t\t\t\t\t\t\t\t\t\t<img fetchpriority=\"high\" decoding=\"async\" width=\"490\" height=\"540\" src=\"https:\/\/www.gad.ind.br\/s\/wp-content\/uploads\/2023\/11\/foto_32.png\" class=\"attachment-large size-large wp-image-1182\" alt=\"\" srcset=\"https:\/\/www.gad.ind.br\/s\/wp-content\/uploads\/2023\/11\/foto_32.png 490w, https:\/\/www.gad.ind.br\/s\/wp-content\/uploads\/2023\/11\/foto_32-272x300.png 272w\" sizes=\"(max-width: 490px) 100vw, 490px\" \/>\t\t\t\t\t\t\t\t\t\t\t\t\t\t\t<\/div>\n\t\t\t\t<\/div>\n\t\t\t\t\t<\/div>\n\t\t<\/div>\n\t\t\t\t\t<\/div>\n\t\t<\/section>\n\t\t\t\t\t<\/div>\n\t\t<\/div>\n\t\t\t\t\t<\/div>\n\t\t<\/section>\n\t\t\t\t<\/div>\n\t\t","protected":false},"excerpt":{"rendered":"<p>SERVI\u00c7OS &gt; INSTALA\u00c7\u00c3O DE ANTENAS PARA EMISSORES DE ALTA POT\u00caNCIA Instala\u00e7\u00e3o de Antenas para emissores de Alta pot\u00eancia As antenas de pot\u00eancia s\u00e3o dispositivos eletr\u00f4nicos projetados para gerar e transmitir sinais de r\u00e1dio, televis\u00e3o ou outros tipos de comunica\u00e7\u00e3o a longas dist\u00e2ncias. Essas antenas s\u00e3o capazes de fornecer pot\u00eancias significativas, o que permite a cobertura [&hellip;]<\/p>\n","protected":false},"author":1,"featured_media":0,"parent":0,"menu_order":0,"comment_status":"closed","ping_status":"closed","template":"","meta":{"site-sidebar-layout":"no-sidebar","site-content-layout":"page-builder","ast-site-content-layout":"full-width-container","site-content-style":"unboxed","site-sidebar-style":"unboxed","ast-global-header-display":"","ast-banner-title-visibility":"","ast-main-header-display":"","ast-hfb-above-header-display":"","ast-hfb-below-header-display":"","ast-hfb-mobile-header-display":"","site-post-title":"disabled","ast-breadcrumbs-content":"disabled","ast-featured-img":"disabled","footer-sml-layout":"","theme-transparent-header-meta":"enabled","adv-header-id-meta":"","stick-header-meta":"","header-above-stick-meta":"","header-main-stick-meta":"","header-below-stick-meta":"","astra-migrate-meta-layouts":"set","ast-page-background-enabled":"default","ast-page-background-meta":{"desktop":{"background-color":"var(--ast-global-color-4)","background-image":"","background-repeat":"repeat","background-position":"center center","background-size":"auto","background-attachment":"scroll","background-type":"","background-media":"","overlay-type":"","overlay-color":"","overlay-opacity":"","overlay-gradient":""},"tablet":{"background-color":"","background-image":"","background-repeat":"repeat","background-position":"center center","background-size":"auto","background-attachment":"scroll","background-type":"","background-media":"","overlay-type":"","overlay-color":"","overlay-opacity":"","overlay-gradient":""},"mobile":{"background-color":"","background-image":"","background-repeat":"repeat","background-position":"center center","background-size":"auto","background-attachment":"scroll","background-type":"","background-media":"","overlay-type":"","overlay-color":"","overlay-opacity":"","overlay-gradient":""}},"ast-content-background-meta":{"desktop":{"background-color":"var(--ast-global-color-5)","background-image":"","background-repeat":"repeat","background-position":"center center","background-size":"auto","background-attachment":"scroll","background-type":"","background-media":"","overlay-type":"","overlay-color":"","overlay-opacity":"","overlay-gradient":""},"tablet":{"background-color":"var(--ast-global-color-5)","background-image":"","background-repeat":"repeat","background-position":"center center","background-size":"auto","background-attachment":"scroll","background-type":"","background-media":"","overlay-type":"","overlay-color":"","overlay-opacity":"","overlay-gradient":""},"mobile":{"background-color":"var(--ast-global-color-5)","background-image":"","background-repeat":"repeat","background-position":"center center","background-size":"auto","background-attachment":"scroll","background-type":"","background-media":"","overlay-type":"","overlay-color":"","overlay-opacity":"","overlay-gradient":""}},"footnotes":""},"class_list":["post-1181","page","type-page","status-publish","hentry"],"_links":{"self":[{"href":"https:\/\/www.gad.ind.br\/s\/wp-json\/wp\/v2\/pages\/1181","targetHints":{"allow":["GET"]}}],"collection":[{"href":"https:\/\/www.gad.ind.br\/s\/wp-json\/wp\/v2\/pages"}],"about":[{"href":"https:\/\/www.gad.ind.br\/s\/wp-json\/wp\/v2\/types\/page"}],"author":[{"embeddable":true,"href":"https:\/\/www.gad.ind.br\/s\/wp-json\/wp\/v2\/users\/1"}],"replies":[{"embeddable":true,"href":"https:\/\/www.gad.ind.br\/s\/wp-json\/wp\/v2\/comments?post=1181"}],"version-history":[{"count":7,"href":"https:\/\/www.gad.ind.br\/s\/wp-json\/wp\/v2\/pages\/1181\/revisions"}],"predecessor-version":[{"id":1189,"href":"https:\/\/www.gad.ind.br\/s\/wp-json\/wp\/v2\/pages\/1181\/revisions\/1189"}],"wp:attachment":[{"href":"https:\/\/www.gad.ind.br\/s\/wp-json\/wp\/v2\/media?parent=1181"}],"curies":[{"name":"wp","href":"https:\/\/api.w.org\/{rel}","templated":true}]}}