{"id":1153,"date":"2023-11-08T11:59:09","date_gmt":"2023-11-08T14:59:09","guid":{"rendered":"https:\/\/www.gad.ind.br\/2023\/?page_id=1153"},"modified":"2023-11-08T12:03:41","modified_gmt":"2023-11-08T15:03:41","slug":"pintura-de-torres","status":"publish","type":"page","link":"https:\/\/www.gad.ind.br\/s\/pintura-de-torres\/","title":{"rendered":"Pintura de Torres"},"content":{"rendered":"\t\t<div data-elementor-type=\"wp-page\" data-elementor-id=\"1153\" class=\"elementor elementor-1153\" data-elementor-post-type=\"page\">\n\t\t\t\t\t\t<section class=\"elementor-section elementor-top-section elementor-element elementor-element-d7d801d elementor-section-boxed elementor-section-height-default elementor-section-height-default\" data-id=\"d7d801d\" data-element_type=\"section\" data-settings=\"{&quot;background_background&quot;:&quot;classic&quot;}\">\n\t\t\t\t\t\t<div class=\"elementor-container elementor-column-gap-no\">\n\t\t\t\t\t<div class=\"elementor-column elementor-col-100 elementor-top-column elementor-element elementor-element-1897415\" data-id=\"1897415\" data-element_type=\"column\">\n\t\t\t<div class=\"elementor-widget-wrap elementor-element-populated\">\n\t\t\t\t\t\t<div class=\"elementor-element elementor-element-a26ae91 elementor-widget elementor-widget-text-editor\" data-id=\"a26ae91\" data-element_type=\"widget\" data-widget_type=\"text-editor.default\">\n\t\t\t\t<div class=\"elementor-widget-container\">\n\t\t\t\t\t\t\t\t\t<p>SERVI\u00c7OS &gt; PINTURA DE TORRES<\/p>\t\t\t\t\t\t\t\t<\/div>\n\t\t\t\t<\/div>\n\t\t\t\t\t<\/div>\n\t\t<\/div>\n\t\t\t\t\t<\/div>\n\t\t<\/section>\n\t\t\t\t<section class=\"elementor-section elementor-top-section elementor-element elementor-element-756bf45 elementor-section-boxed elementor-section-height-default elementor-section-height-default\" data-id=\"756bf45\" data-element_type=\"section\" data-settings=\"{&quot;background_background&quot;:&quot;classic&quot;}\">\n\t\t\t\t\t\t<div class=\"elementor-container elementor-column-gap-no\">\n\t\t\t\t\t<div class=\"elementor-column elementor-col-100 elementor-top-column elementor-element elementor-element-4b0da95\" data-id=\"4b0da95\" data-element_type=\"column\">\n\t\t\t<div class=\"elementor-widget-wrap elementor-element-populated\">\n\t\t\t\t\t\t<section class=\"elementor-section elementor-inner-section elementor-element elementor-element-97f4590 elementor-section-boxed elementor-section-height-default elementor-section-height-default\" data-id=\"97f4590\" data-element_type=\"section\">\n\t\t\t\t\t\t<div class=\"elementor-container elementor-column-gap-no\">\n\t\t\t\t\t<div class=\"elementor-column elementor-col-50 elementor-inner-column elementor-element elementor-element-6e053df\" data-id=\"6e053df\" data-element_type=\"column\">\n\t\t\t<div class=\"elementor-widget-wrap elementor-element-populated\">\n\t\t\t\t\t\t<div class=\"elementor-element elementor-element-db30dfe elementor-hidden-mobile elementor-widget elementor-widget-image\" data-id=\"db30dfe\" data-element_type=\"widget\" data-widget_type=\"image.default\">\n\t\t\t\t<div class=\"elementor-widget-container\">\n\t\t\t\t\t\t\t\t\t\t\t\t\t\t\t<img fetchpriority=\"high\" decoding=\"async\" width=\"768\" height=\"1024\" src=\"https:\/\/www.gad.ind.br\/s\/wp-content\/uploads\/2023\/11\/foto_23-768x1024.jpg\" class=\"attachment-large size-large wp-image-1155\" alt=\"Pintura de Torres de r\u00e1dio e tv\" srcset=\"https:\/\/www.gad.ind.br\/s\/wp-content\/uploads\/2023\/11\/foto_23-768x1024.jpg 768w, https:\/\/www.gad.ind.br\/s\/wp-content\/uploads\/2023\/11\/foto_23-225x300.jpg 225w, https:\/\/www.gad.ind.br\/s\/wp-content\/uploads\/2023\/11\/foto_23.jpg 900w\" sizes=\"(max-width: 768px) 100vw, 768px\" \/>\t\t\t\t\t\t\t\t\t\t\t\t\t\t\t<\/div>\n\t\t\t\t<\/div>\n\t\t\t\t\t<\/div>\n\t\t<\/div>\n\t\t\t\t<div class=\"elementor-column elementor-col-50 elementor-inner-column elementor-element elementor-element-2869dd0\" data-id=\"2869dd0\" data-element_type=\"column\">\n\t\t\t<div class=\"elementor-widget-wrap elementor-element-populated\">\n\t\t\t\t\t\t<div class=\"elementor-element elementor-element-3743b62 elementor-widget elementor-widget-heading\" data-id=\"3743b62\" data-element_type=\"widget\" data-widget_type=\"heading.default\">\n\t\t\t\t<div class=\"elementor-widget-container\">\n\t\t\t\t\t<h1 class=\"elementor-heading-title elementor-size-default\">Pintura de Torres<\/h1>\t\t\t\t<\/div>\n\t\t\t\t<\/div>\n\t\t\t\t<div class=\"elementor-element elementor-element-5ad47d0 elementor-widget elementor-widget-text-editor\" data-id=\"5ad47d0\" data-element_type=\"widget\" data-widget_type=\"text-editor.default\">\n\t\t\t\t<div class=\"elementor-widget-container\">\n\t\t\t\t\t\t\t\t\t<p>A <strong>pintura de uma torre<\/strong> \u00e9 um trabalho essencial para garantir a sua conserva\u00e7\u00e3o e durabilidade. Al\u00e9m de melhorar a apar\u00eancia est\u00e9tica, a pintura tamb\u00e9m oferece prote\u00e7\u00e3o contra os elementos, como salinidade, sujidades e intemp\u00e9ries.<\/p><p>A primeira etapa do processo de <strong>pintura de uma torr<\/strong>e \u00e9 a prepara\u00e7\u00e3o da superf\u00edcie. Isso envolve a remo\u00e7\u00e3o de qualquer revestimento anterior, limpeza e reparos necess\u00e1rios, como preenchimento de trincas e tratamento de superf\u00edcies com corros\u00e3o.<\/p><p>Uma vez que a superf\u00edcie esteja devidamente preparada, \u00e9 hora de aplicar a tinta escolhida. Existem v\u00e1rias op\u00e7\u00f5es dispon\u00edveis, desde tintas \u00e0 base de \u00e1gua at\u00e9 tintas \u00e0 base de poliuretano. A escolha da tinta depender\u00e1 do tipo de torre e sua localiza\u00e7\u00e3o geogr\u00e1fica e at\u00e9 mesmo prefer\u00eancias est\u00e9ticas.\u00a0<\/p><p>A norma determina que a pintura seja em cores contrastantes e costumamos usar sempre as cores laranja e branco de forma alternadamente, iniciando e terminando com a cor laranja.<\/p>\t\t\t\t\t\t\t\t<\/div>\n\t\t\t\t<\/div>\n\t\t\t\t<div class=\"elementor-element elementor-element-4e9affc elementor-mobile-align-center elementor-invisible elementor-widget elementor-widget-button\" data-id=\"4e9affc\" data-element_type=\"widget\" data-settings=\"{&quot;_animation&quot;:&quot;fadeInUp&quot;}\" data-widget_type=\"button.default\">\n\t\t\t\t<div class=\"elementor-widget-container\">\n\t\t\t\t\t\t\t\t\t<div class=\"elementor-button-wrapper\">\n\t\t\t\t\t<a class=\"elementor-button elementor-button-link elementor-size-sm\" href=\"https:\/\/api.whatsapp.com\/send\/?phone=5511985140146\" target=\"_blank\">\n\t\t\t\t\t\t<span class=\"elementor-button-content-wrapper\">\n\t\t\t\t\t\t\t\t\t<span class=\"elementor-button-text\">Solicite um Or\u00e7amento<\/span>\n\t\t\t\t\t<\/span>\n\t\t\t\t\t<\/a>\n\t\t\t\t<\/div>\n\t\t\t\t\t\t\t\t<\/div>\n\t\t\t\t<\/div>\n\t\t\t\t<div class=\"elementor-element elementor-element-1219c57 elementor-hidden-desktop elementor-hidden-tablet elementor-widget elementor-widget-image\" data-id=\"1219c57\" data-element_type=\"widget\" data-widget_type=\"image.default\">\n\t\t\t\t<div class=\"elementor-widget-container\">\n\t\t\t\t\t\t\t\t\t\t\t\t\t\t\t<img fetchpriority=\"high\" decoding=\"async\" width=\"768\" height=\"1024\" src=\"https:\/\/www.gad.ind.br\/s\/wp-content\/uploads\/2023\/11\/foto_23-768x1024.jpg\" class=\"attachment-large size-large wp-image-1155\" alt=\"Pintura de Torres de r\u00e1dio e tv\" srcset=\"https:\/\/www.gad.ind.br\/s\/wp-content\/uploads\/2023\/11\/foto_23-768x1024.jpg 768w, https:\/\/www.gad.ind.br\/s\/wp-content\/uploads\/2023\/11\/foto_23-225x300.jpg 225w, https:\/\/www.gad.ind.br\/s\/wp-content\/uploads\/2023\/11\/foto_23.jpg 900w\" sizes=\"(max-width: 768px) 100vw, 768px\" \/>\t\t\t\t\t\t\t\t\t\t\t\t\t\t\t<\/div>\n\t\t\t\t<\/div>\n\t\t\t\t\t<\/div>\n\t\t<\/div>\n\t\t\t\t\t<\/div>\n\t\t<\/section>\n\t\t\t\t\t<\/div>\n\t\t<\/div>\n\t\t\t\t\t<\/div>\n\t\t<\/section>\n\t\t\t\t<\/div>\n\t\t","protected":false},"excerpt":{"rendered":"<p>SERVI\u00c7OS &gt; PINTURA DE TORRES Pintura de Torres A pintura de uma torre \u00e9 um trabalho essencial para garantir a sua conserva\u00e7\u00e3o e durabilidade. Al\u00e9m de melhorar a apar\u00eancia est\u00e9tica, a pintura tamb\u00e9m oferece prote\u00e7\u00e3o contra os elementos, como salinidade, sujidades e intemp\u00e9ries. A primeira etapa do processo de pintura de uma torre \u00e9 a [&hellip;]<\/p>\n","protected":false},"author":1,"featured_media":0,"parent":0,"menu_order":0,"comment_status":"closed","ping_status":"closed","template":"","meta":{"site-sidebar-layout":"no-sidebar","site-content-layout":"page-builder","ast-site-content-layout":"full-width-container","site-content-style":"unboxed","site-sidebar-style":"unboxed","ast-global-header-display":"","ast-banner-title-visibility":"","ast-main-header-display":"","ast-hfb-above-header-display":"","ast-hfb-below-header-display":"","ast-hfb-mobile-header-display":"","site-post-title":"disabled","ast-breadcrumbs-content":"disabled","ast-featured-img":"disabled","footer-sml-layout":"","theme-transparent-header-meta":"enabled","adv-header-id-meta":"","stick-header-meta":"","header-above-stick-meta":"","header-main-stick-meta":"","header-below-stick-meta":"","astra-migrate-meta-layouts":"set","ast-page-background-enabled":"default","ast-page-background-meta":{"desktop":{"background-color":"var(--ast-global-color-4)","background-image":"","background-repeat":"repeat","background-position":"center center","background-size":"auto","background-attachment":"scroll","background-type":"","background-media":"","overlay-type":"","overlay-color":"","overlay-opacity":"","overlay-gradient":""},"tablet":{"background-color":"","background-image":"","background-repeat":"repeat","background-position":"center center","background-size":"auto","background-attachment":"scroll","background-type":"","background-media":"","overlay-type":"","overlay-color":"","overlay-opacity":"","overlay-gradient":""},"mobile":{"background-color":"","background-image":"","background-repeat":"repeat","background-position":"center center","background-size":"auto","background-attachment":"scroll","background-type":"","background-media":"","overlay-type":"","overlay-color":"","overlay-opacity":"","overlay-gradient":""}},"ast-content-background-meta":{"desktop":{"background-color":"var(--ast-global-color-5)","background-image":"","background-repeat":"repeat","background-position":"center center","background-size":"auto","background-attachment":"scroll","background-type":"","background-media":"","overlay-type":"","overlay-color":"","overlay-opacity":"","overlay-gradient":""},"tablet":{"background-color":"var(--ast-global-color-5)","background-image":"","background-repeat":"repeat","background-position":"center center","background-size":"auto","background-attachment":"scroll","background-type":"","background-media":"","overlay-type":"","overlay-color":"","overlay-opacity":"","overlay-gradient":""},"mobile":{"background-color":"var(--ast-global-color-5)","background-image":"","background-repeat":"repeat","background-position":"center center","background-size":"auto","background-attachment":"scroll","background-type":"","background-media":"","overlay-type":"","overlay-color":"","overlay-opacity":"","overlay-gradient":""}},"footnotes":""},"class_list":["post-1153","page","type-page","status-publish","hentry"],"_links":{"self":[{"href":"https:\/\/www.gad.ind.br\/s\/wp-json\/wp\/v2\/pages\/1153","targetHints":{"allow":["GET"]}}],"collection":[{"href":"https:\/\/www.gad.ind.br\/s\/wp-json\/wp\/v2\/pages"}],"about":[{"href":"https:\/\/www.gad.ind.br\/s\/wp-json\/wp\/v2\/types\/page"}],"author":[{"embeddable":true,"href":"https:\/\/www.gad.ind.br\/s\/wp-json\/wp\/v2\/users\/1"}],"replies":[{"embeddable":true,"href":"https:\/\/www.gad.ind.br\/s\/wp-json\/wp\/v2\/comments?post=1153"}],"version-history":[{"count":13,"href":"https:\/\/www.gad.ind.br\/s\/wp-json\/wp\/v2\/pages\/1153\/revisions"}],"predecessor-version":[{"id":1168,"href":"https:\/\/www.gad.ind.br\/s\/wp-json\/wp\/v2\/pages\/1153\/revisions\/1168"}],"wp:attachment":[{"href":"https:\/\/www.gad.ind.br\/s\/wp-json\/wp\/v2\/media?parent=1153"}],"curies":[{"name":"wp","href":"https:\/\/api.w.org\/{rel}","templated":true}]}}